{"id":378,"date":"2022-06-14T17:14:11","date_gmt":"2022-06-14T17:14:11","guid":{"rendered":"https:\/\/validthemes.tech\/themeforest\/wp\/crysa\/?page_id=378"},"modified":"2023-03-31T14:40:42","modified_gmt":"2023-03-31T11:40:42","slug":"kurumsal","status":"publish","type":"page","link":"https:\/\/asyaaksesuar.com\/index.php\/kurumsal\/","title":{"rendered":"Kurumsal"},"content":{"rendered":"\t\t<div data-elementor-type=\"wp-page\" data-elementor-id=\"378\" class=\"elementor elementor-378\">\n\t\t\t\t\t\t\t\t\t<section class=\"elementor-section elementor-top-section elementor-element elementor-element-a97a70f elementor-section-full_width elementor-section-stretched elementor-section-height-default elementor-section-height-default\" data-id=\"a97a70f\" data-element_type=\"section\" data-settings=\"{&quot;stretch_section&quot;:&quot;section-stretched&quot;}\">\n\t\t\t\t\t\t\t<div class=\"elementor-background-overlay\"><\/div>\n\t\t\t\t\t\t\t<div class=\"elementor-container elementor-column-gap-no\">\n\t\t\t\t\t<div class=\"elementor-column elementor-col-100 elementor-top-column elementor-element elementor-element-70b44d8\" data-id=\"70b44d8\" data-element_type=\"column\">\n\t\t\t<div class=\"elementor-widget-wrap elementor-element-populated\">\n\t\t\t\t\t\t\t\t<section class=\"elementor-section elementor-inner-section elementor-element elementor-element-238ccbf about-page elementor-section-full_width elementor-section-height-default elementor-section-height-default\" data-id=\"238ccbf\" data-element_type=\"section\">\n\t\t\t\t\t\t<div class=\"elementor-container elementor-column-gap-no\">\n\t\t\t\t\t<div class=\"elementor-column elementor-col-33 elementor-inner-column elementor-element elementor-element-9b1c3f9\" data-id=\"9b1c3f9\" data-element_type=\"column\">\n\t\t\t<div class=\"elementor-widget-wrap elementor-element-populated\">\n\t\t\t\t\t\t\t\t<div class=\"elementor-element elementor-element-0ad5676 elementor-widget elementor-widget-about_image\" data-id=\"0ad5676\" data-element_type=\"widget\" data-widget_type=\"about_image.default\">\n\t\t\t\t<div class=\"elementor-widget-container\">\n\t\t\t    \r\n        <div class=\"about-style-four\">\r\n            <div class=\"thumb\">\r\n                <img decoding=\"async\" src=\"http:\/\/asyaaksesuar.com\/wp-content\/uploads\/2023\/01\/shiny-holographic-aluminium-textured-background-2022-12-15-22-59-36-utc.jpg\" alt=\"Asya Aksesuar\">\r\n                <div class=\"shape-move\"><\/div>\r\n                <div class=\"shape-move\"><\/div>\r\n            <\/div>\r\n        <\/div>\r\n    \t\t<\/div>\n\t\t\t\t<\/div>\n\t\t\t\t\t<\/div>\n\t\t<\/div>\n\t\t\t\t<div class=\"elementor-column elementor-col-33 elementor-inner-column elementor-element elementor-element-3c78675\" data-id=\"3c78675\" data-element_type=\"column\">\n\t\t\t<div class=\"elementor-widget-wrap elementor-element-populated\">\n\t\t\t\t\t\t\t\t<div class=\"elementor-element elementor-element-2cd9f63 elementor-widget elementor-widget-about_content\" data-id=\"2cd9f63\" data-element_type=\"widget\" data-widget_type=\"about_content.default\">\n\t\t\t\t<div class=\"elementor-widget-container\">\n\t\t\t    \t <div class=\"about-style-four\">\r\n            <h4 class=\"sub-heading mb-20\">Biz Kimiz?<\/h4>\r\n            <h2 class=\"heading\">Asya Aksesuar Al\u00fcminyum<\/h2>\r\n            <p class=\"mb-0\">\r\n                 Her \u00f6l\u00e7ekte evsel, end\u00fcstriyel ve Yap\u0131 sekt\u00f6r\u00fcnde kullan\u0131lmak \u00fczere Al\u00fcminyum \u0130spanyolet Kollar, Al\u00fcminyum Kap\u0131 Kollar\u0131, Al\u00fcminyum Kap\u0131 Aksesuarlar\u0131, Elektrikli El Aletleri ve Makinalar, Ta\u015f ve Testereler, Ankraj ve Bant Grubu, \u00d6l\u00e7\u00fcm Aletleri ve Tak\u0131m \u00c7antalar\u0131, D\u0131\u015f Cephe Malzemeleri ve Hilti Grubu, Matkap U\u00e7lu Vidalar ve \u00c7elik D\u00fcbeller, El Aletleri, Kilitler, Elektronik Kilitler, Rulmanlar, Cam Cephe Spiderleri, Cam Kap\u0131 Kollar\u0131 Paslanmaz, Cam Kap\u0131 Aksesuarlar\u0131, Al\u00fcminyum Mafsallar, Al\u00fcminyum Flan\u015flar, Al\u00fcminyum Tapalar, Al\u00fcminyum Ba\u011flant\u0131 Ekipmanlar\u0131, Al\u00fcminyum D\u00f6n\u00fc\u015fler, Al\u00fcminyum Cam Tutucular, Al\u00fcminyum Bilezikler, K\u00fcpe\u015fte Profilleri, Silikonlar, Yap\u0131\u015ft\u0131r\u0131c\u0131lar ASYA AKSESUAR\u2019\u0131n ana \u00fcr\u00fcn portf\u00f6y\u00fcn\u00fc olu\u015fturmaktad\u0131r.\n<\/br>Asya Aksesuar\u2019\u0131n kalite hedefi; rekabet\u00e7i piyasa \u015fartlar\u0131nda taahh\u00fctlerini m\u00fcmk\u00fcn olan en k\u0131sa zamanda tamamlamak, i\u015fveren beklentilerini eksiksiz kar\u015f\u0131lamak ve profesyonel personeli ile m\u00fc\u015fterilerine sundu\u011fu hizmeti en \u00fcst noktalara ta\u015f\u0131makt\u0131r. Asya Aksesuar; kalite s\u00fcreklili\u011finin ancak de\u011fi\u015fen ve geli\u015fen m\u00fc\u015fteri taleplerinin, do\u011fru ve ekonomik \u015fekilde tamamlanmas\u0131yla olaca\u011f\u0131n\u0131n bilincindedir. Bu nedenle i\u015f geli\u015ftirme faliyetlerine her zaman \u00f6nem vermektedir. Sistematik olarak s\u00fcrd\u00fcrd\u00fc\u011f\u00fc ara\u015ft\u0131rma, geli\u015ftirme, inceleme ve \u00f6l\u00e7\u00fcmler ile yeniliklere \u00f6nc\u00fcl\u00fck eder. Sat\u0131n almadan, sat\u0131\u015f sonras\u0131na kadar t\u00fcm faaliyetlerinde dikkat edilen ana prensip ilk seferde do\u011fruyu yapmak ve s\u00fcrekli geli\u015fme ile firman\u0131n rekabet g\u00fcc\u00fcn\u00fc artt\u0131rmakt\u0131r. Bu ama\u00e7la ASYA AKSESUAR, malzeme tedarik\u00e7ilerini \u00f6zenle se\u00e7er ve onlarla kurmu\u015f oldu\u011fu stratejik i\u015f ili\u015fkilerini daha iyiye g\u00f6t\u00fcrmek i\u00e7in \u00e7aba harcar. Asya Aksesuar i\u015f s\u00fcrecindeki kritik noktalar\u0131 tespit ederek hata ve uygunsuzluklar\u0131 \u00f6nleyici tedbirler al\u0131r. Teknolojik geli\u015fmeleri takip eder ve \u00e7a\u011fda\u015f uygulamalarla hizmet kalitesini artt\u0131r\u0131r\n            <\/p>\r\n                              <\/div>\r\n    \t\t<\/div>\n\t\t\t\t<\/div>\n\t\t\t\t<div class=\"elementor-element elementor-element-8113bfb elementor-widget elementor-widget-spacer\" data-id=\"8113bfb\" data-element_type=\"widget\" data-widget_type=\"spacer.default\">\n\t\t\t\t<div class=\"elementor-widget-container\">\n\t\t\t<style>\/*! elementor - v3.9.2 - 21-12-2022 *\/\n.elementor-column .elementor-spacer-inner{height:var(--spacer-size)}.e-con{--container-widget-width:100%}.e-con-inner>.elementor-widget-spacer,.e-con>.elementor-widget-spacer{width:var(--container-widget-width,var(--spacer-size));--align-self:var(--container-widget-align-self,initial);--flex-shrink:0}.e-con-inner>.elementor-widget-spacer>.elementor-widget-container,.e-con-inner>.elementor-widget-spacer>.elementor-widget-container>.elementor-spacer,.e-con>.elementor-widget-spacer>.elementor-widget-container,.e-con>.elementor-widget-spacer>.elementor-widget-container>.elementor-spacer{height:100%}.e-con-inner>.elementor-widget-spacer>.elementor-widget-container>.elementor-spacer>.elementor-spacer-inner,.e-con>.elementor-widget-spacer>.elementor-widget-container>.elementor-spacer>.elementor-spacer-inner{height:var(--container-widget-height,var(--spacer-size))}<\/style>\t\t<div class=\"elementor-spacer\">\n\t\t\t<div class=\"elementor-spacer-inner\"><\/div>\n\t\t<\/div>\n\t\t\t\t<\/div>\n\t\t\t\t<\/div>\n\t\t\t\t\t<\/div>\n\t\t<\/div>\n\t\t\t\t<div class=\"elementor-column elementor-col-33 elementor-inner-column elementor-element elementor-element-22ce315\" data-id=\"22ce315\" data-element_type=\"column\">\n\t\t\t<div class=\"elementor-widget-wrap elementor-element-populated\">\n\t\t\t\t\t\t\t\t<div class=\"elementor-element elementor-element-1af1875 elementor-widget elementor-widget-spacer\" data-id=\"1af1875\" data-element_type=\"widget\" data-widget_type=\"spacer.default\">\n\t\t\t\t<div class=\"elementor-widget-container\">\n\t\t\t\t\t<div class=\"elementor-spacer\">\n\t\t\t<div class=\"elementor-spacer-inner\"><\/div>\n\t\t<\/div>\n\t\t\t\t<\/div>\n\t\t\t\t<\/div>\n\t\t\t\t\t<\/div>\n\t\t<\/div>\n\t\t\t\t\t\t\t<\/div>\n\t\t<\/section>\n\t\t\t\t\t<\/div>\n\t\t<\/div>\n\t\t\t\t\t\t\t<\/div>\n\t\t<\/section>\n\t\t\t\t<section class=\"elementor-section elementor-top-section elementor-element elementor-element-cb69ef5 elementor-section-full_width elementor-section-stretched text-light elementor-section-height-default elementor-section-height-default\" data-id=\"cb69ef5\" data-element_type=\"section\" data-settings=\"{&quot;stretch_section&quot;:&quot;section-stretched&quot;,&quot;background_background&quot;:&quot;classic&quot;}\">\n\t\t\t\t\t\t<div class=\"elementor-container elementor-column-gap-no\">\n\t\t\t\t\t<div class=\"elementor-column elementor-col-100 elementor-top-column elementor-element elementor-element-5eebb18\" data-id=\"5eebb18\" data-element_type=\"column\">\n\t\t\t<div class=\"elementor-widget-wrap elementor-element-populated\">\n\t\t\t\t\t\t\t\t<section class=\"elementor-section elementor-inner-section elementor-element elementor-element-5b6f059 elementor-section-content-middle elementor-section-boxed elementor-section-height-default elementor-section-height-default\" data-id=\"5b6f059\" data-element_type=\"section\">\n\t\t\t\t\t\t<div class=\"elementor-container elementor-column-gap-no\">\n\t\t\t\t\t<div class=\"elementor-column elementor-col-33 elementor-inner-column elementor-element elementor-element-57da14a\" data-id=\"57da14a\" data-element_type=\"column\">\n\t\t\t<div class=\"elementor-widget-wrap elementor-element-populated\">\n\t\t\t\t\t\t\t\t<div class=\"elementor-element elementor-element-c455fb9 elementor-widget elementor-widget-crysa_process_img\" data-id=\"c455fb9\" data-element_type=\"widget\" data-widget_type=\"crysa_process_img.default\">\n\t\t\t\t<div class=\"elementor-widget-container\">\n\t\t\t\t<!-- Start Processs Image\r\n    ============================================= -->\r\n    <div class=\"process-style-one\">\r\n        <div class=\"thumb\">\r\n            <img decoding=\"async\" src=\"http:\/\/asyaaksesuar.com\/wp-content\/uploads\/2022\/06\/16.png\" alt=\"Asya Aksesuar\">\r\n        <\/div>\r\n    <\/div>\r\n    <!-- End Processs Image -->\r\n    \t\t<\/div>\n\t\t\t\t<\/div>\n\t\t\t\t\t<\/div>\n\t\t<\/div>\n\t\t\t\t<div class=\"elementor-column elementor-col-33 elementor-inner-column elementor-element elementor-element-cc159e6\" data-id=\"cc159e6\" data-element_type=\"column\">\n\t\t\t<div class=\"elementor-widget-wrap elementor-element-populated\">\n\t\t\t\t\t\t\t\t<div class=\"elementor-element elementor-element-cf8b14e elementor-widget elementor-widget-crysa_process\" data-id=\"cf8b14e\" data-element_type=\"widget\" data-widget_type=\"crysa_process.default\">\n\t\t\t\t<div class=\"elementor-widget-container\">\n\t\t\t\t<!-- Start Processs Style \r\n    ============================================= -->\r\n    <div class=\"processs-style-one\">\r\n        <h4 class=\"sub-heading\">Misyon ve Vizyonumuz<\/h4>\r\n        <h2 class=\"heading\"><\/h2>\r\n        <ul class=\"process-list\">\r\n        \t                <li>\r\n                                                                <img decoding=\"async\" src=\"https:\/\/validthemes.tech\/themeforest\/wp\/crysa\/wp-content\/uploads\/2022\/06\/arrow.png\" alt=\"Asya Aksesuar\">\r\n                                                            <h4>Misyonumuz<\/h4>\r\n                    <p>\r\n                        Kaliteyi, g\u00fcvenirli\u011fi, \u00e7evre ve do\u011fal kaynaklar\u0131n korunmas\u0131 hassasiyetini g\u00f6zeten, uzman kadrosuyla pazara yenilik\u00e7i \u00fcr\u00fcnler sunan ve kalitesi ile \u00fclkede isim sahibi olmay\u0131 isteyen bir kurum olmay\u0131 vizyon olarak benimsemi\u015f bulunmaktay\u0131z.\n                    <\/p>\r\n                <\/li>\r\n           \t                <li>\r\n                                                                <img decoding=\"async\" src=\"https:\/\/validthemes.tech\/themeforest\/wp\/crysa\/wp-content\/uploads\/2022\/06\/arrow.png\" alt=\"Asya Aksesuar\">\r\n                                                            <h4>Vizyonumuz<\/h4>\r\n                    <p>\r\n                        G\u00fc\u00e7l\u00fc finansman yap\u0131s\u0131, firman\u0131n geli\u015fimini, teknolojinin geli\u015fimine paralel s\u00fcrd\u00fcrecek deneyimli ve uzman kadrosu ile \u00fclke sanayisine hizmet veren \u00f6nc\u00fc bir kurulu\u015f olmak.\n\n                    <\/p>\r\n                <\/li>\r\n           \t        <\/ul>\r\n        <div class=\"single-kit mt-30\">\r\n        \t            <div class=\"call\">\r\n                <div class=\"icon\">\r\n                                                                                    <i class=\"fas fa-comments\"><\/i>\r\n                                    <\/div>\r\n                <div class=\"info\">\r\n                    <p>Bizimle \u0130leti\u015fime Ge\u00e7in?<\/p><h5><a href=\"mailto:info@asyakaksesuar.com\">info@asyakaksesuar.com<\/a><\/h5>                <\/div>\r\n            <\/div>\r\n                                <\/div>\r\n    <\/div>\r\n    <!-- End Processs Style -->\r\n    \t\t<\/div>\n\t\t\t\t<\/div>\n\t\t\t\t\t<\/div>\n\t\t<\/div>\n\t\t\t\t<div class=\"elementor-column elementor-col-33 elementor-inner-column elementor-element elementor-element-7d1a27d\" data-id=\"7d1a27d\" data-element_type=\"column\">\n\t\t\t<div class=\"elementor-widget-wrap\">\n\t\t\t\t\t\t\t\t\t<\/div>\n\t\t<\/div>\n\t\t\t\t\t\t\t<\/div>\n\t\t<\/section>\n\t\t\t\t\t<\/div>\n\t\t<\/div>\n\t\t\t\t\t\t\t<\/div>\n\t\t<\/section>\n\t\t\t\t\t\t\t<\/div>\n\t\t","protected":false},"excerpt":{"rendered":"<p>Biz Kimiz? Asya Aksesuar Al\u00fcminyum Her \u00f6l\u00e7ekte evsel, end\u00fcstriyel ve Yap\u0131 sekt\u00f6r\u00fcnde kullan\u0131lmak \u00fczere Al\u00fcminyum \u0130spanyolet Kollar, Al\u00fcminyum Kap\u0131 Kollar\u0131, Al\u00fcminyum Kap\u0131 Aksesuarlar\u0131, Elektrikli El Aletleri ve Makinalar, Ta\u015f ve Testereler, Ankraj ve Bant Grubu, \u00d6l\u00e7\u00fcm Aletleri ve Tak\u0131m \u00c7antalar\u0131, D\u0131\u015f Cephe Malzemeleri ve Hilti Grubu, Matkap U\u00e7lu Vidalar ve \u00c7elik D\u00fcbeller, El Aletleri, Kilitler, [&hellip;]<\/p>\n","protected":false},"author":1,"featured_media":0,"parent":0,"menu_order":0,"comment_status":"closed","ping_status":"closed","template":"page-template\/crystal-template.php","meta":{"om_disable_all_campaigns":false,"_mi_skip_tracking":false,"footnotes":""},"class_list":["post-378","page","type-page","status-publish","hentry"],"aioseo_notices":[],"_links":{"self":[{"href":"https:\/\/asyaaksesuar.com\/index.php\/wp-json\/wp\/v2\/pages\/378","targetHints":{"allow":["GET"]}}],"collection":[{"href":"https:\/\/asyaaksesuar.com\/index.php\/wp-json\/wp\/v2\/pages"}],"about":[{"href":"https:\/\/asyaaksesuar.com\/index.php\/wp-json\/wp\/v2\/types\/page"}],"author":[{"embeddable":true,"href":"https:\/\/asyaaksesuar.com\/index.php\/wp-json\/wp\/v2\/users\/1"}],"replies":[{"embeddable":true,"href":"https:\/\/asyaaksesuar.com\/index.php\/wp-json\/wp\/v2\/comments?post=378"}],"version-history":[{"count":41,"href":"https:\/\/asyaaksesuar.com\/index.php\/wp-json\/wp\/v2\/pages\/378\/revisions"}],"predecessor-version":[{"id":2873,"href":"https:\/\/asyaaksesuar.com\/index.php\/wp-json\/wp\/v2\/pages\/378\/revisions\/2873"}],"wp:attachment":[{"href":"https:\/\/asyaaksesuar.com\/index.php\/wp-json\/wp\/v2\/media?parent=378"}],"curies":[{"name":"wp","href":"https:\/\/api.w.org\/{rel}","templated":true}]}}